{"id":1752,"date":"2025-11-08T21:33:47","date_gmt":"2025-11-08T21:33:47","guid":{"rendered":"https:\/\/boucherie.creademo.com\/?post_type=product&#038;p=1752"},"modified":"2026-01-05T12:09:36","modified_gmt":"2026-01-05T11:09:36","slug":"gemarineerde-spareribs-met-knoflook","status":"publish","type":"product","link":"https:\/\/boucherie.creademo.com\/fr\/produit\/gemarineerde-spareribs-met-knoflook\/","title":{"rendered":"C\u00f4tes lev\u00e9es marin\u00e9es \u00e0 l'ail"},"content":{"rendered":"","protected":false},"excerpt":{"rendered":"","protected":false},"featured_media":2571,"template":"","meta":[],"product_brand":[],"product_cat":[44],"product_tag":[80],"class_list":{"0":"post-1752","1":"product","2":"type-product","3":"status-publish","4":"has-post-thumbnail","6":"product_cat-pan-klaar","7":"product_tag-mosterd","9":"first","10":"instock","11":"shipping-taxable","12":"purchasable","13":"product-type-simple"},"ct_brands":[],"_links":{"self":[{"href":"https:\/\/boucherie.creademo.com\/fr\/wp-json\/wp\/v2\/product\/1752","targetHints":{"allow":["GET"]}}],"collection":[{"href":"https:\/\/boucherie.creademo.com\/fr\/wp-json\/wp\/v2\/product"}],"about":[{"href":"https:\/\/boucherie.creademo.com\/fr\/wp-json\/wp\/v2\/types\/product"}],"wp:featuredmedia":[{"embeddable":true,"href":"https:\/\/boucherie.creademo.com\/fr\/wp-json\/wp\/v2\/media\/2571"}],"wp:attachment":[{"href":"https:\/\/boucherie.creademo.com\/fr\/wp-json\/wp\/v2\/media?parent=1752"}],"wp:term":[{"taxonomy":"product_brand","embeddable":true,"href":"https:\/\/boucherie.creademo.com\/fr\/wp-json\/wp\/v2\/product_brand?post=1752"},{"taxonomy":"product_cat","embeddable":true,"href":"https:\/\/boucherie.creademo.com\/fr\/wp-json\/wp\/v2\/product_cat?post=1752"},{"taxonomy":"product_tag","embeddable":true,"href":"https:\/\/boucherie.creademo.com\/fr\/wp-json\/wp\/v2\/product_tag?post=1752"}],"curies":[{"name":"wp","href":"https:\/\/api.w.org\/{rel}","templated":true}]}}